{"id":9235,"date":"2024-01-30T13:38:07","date_gmt":"2024-01-30T11:38:07","guid":{"rendered":"https:\/\/tethys.farm\/?page_id=9235"},"modified":"2025-06-19T11:27:44","modified_gmt":"2025-06-19T09:27:44","slug":"presse-du-secteur-agricole","status":"publish","type":"page","link":"https:\/\/tethys.farm\/fr\/presse-du-secteur-agricole\/","title":{"rendered":"PRESSE"},"content":{"rendered":"<div data-elementor-type=\"wp-page\" data-elementor-id=\"9235\" class=\"elementor elementor-9235\">\n\t\t\t\t\t\t<section class=\"elementor-section elementor-top-section elementor-element elementor-element-d69253a elementor-section-stretched elementor-section-height-min-height elementor-section-items-top elementor-section-content-space-evenly elementor-section-boxed elementor-section-height-default elementor-invisible\" data-id=\"d69253a\" data-element_type=\"section\" data-settings=\"{&quot;stretch_section&quot;:&quot;section-stretched&quot;,&quot;background_background&quot;:&quot;classic&quot;,&quot;animation&quot;:&quot;fadeIn&quot;}\">\n\t\t\t\t\t\t<div class=\"elementor-container elementor-column-gap-no\">\n\t\t\t\t\t<div class=\"elementor-column elementor-col-100 elementor-top-column elementor-element elementor-element-f9c4b26\" data-id=\"f9c4b26\" data-element_type=\"column\">\n\t\t\t<div class=\"elementor-widget-wrap elementor-element-populated\">\n\t\t\t\t\t\t<div class=\"elementor-element elementor-element-ae5e2df elementor-widget elementor-widget-heading\" data-id=\"ae5e2df\" data-element_type=\"widget\" data-widget_type=\"heading.default\">\n\t\t\t\t<div class=\"elementor-widget-container\">\n\t\t\t\t\t<h1 class=\"elementor-heading-title elementor-size-default\"><span class=\"cb_title_big no_shadow white\">HAUTE TECHNOLOGIE. <span class=\"silver-light\">LITT\u00c9RALEMENT.<\/span><span style=\"background-color: var(--et_container-bg-color,transparent)\"><\/span><\/span><\/h1>\t\t\t\t<\/div>\n\t\t\t\t<\/div>\n\t\t\t\t<div class=\"elementor-element elementor-element-84f857a cb_hero_paragraph elementor-widget elementor-widget-text-editor\" data-id=\"84f857a\" data-element_type=\"widget\" data-widget_type=\"text-editor.default\">\n\t\t\t\t<div class=\"elementor-widget-container\">\n\t\t\t\t\t\t\t\t\t<h3 class=\"white\" style=\"line-height: 30px !important;\"><b>TETHYS traite des analyses pr\u00e9cises\u00a0<br \/>gr\u00e2ce \u00e0 quatre puissants satellites de l&#039;ESA et de la NASA.<\/b><\/h3>\t\t\t\t\t\t\t\t<\/div>\n\t\t\t\t<\/div>\n\t\t\t\t\t<\/div>\n\t\t<\/div>\n\t\t\t\t\t<\/div>\n\t\t<\/section>\n\t\t<div class=\"elementor-element elementor-element-5f4f142 limit_section_height e-flex e-con-boxed elementor-invisible e-con e-parent\" data-id=\"5f4f142\" data-element_type=\"container\" data-settings=\"{&quot;background_background&quot;:&quot;classic&quot;,&quot;animation&quot;:&quot;fadeIn&quot;}\">\n\t\t\t\t\t<div class=\"e-con-inner\">\n\t\t\t\t<div class=\"elementor-element elementor-element-139b825 elementor-widget elementor-widget-heading\" data-id=\"139b825\" data-element_type=\"widget\" data-widget_type=\"heading.default\">\n\t\t\t\t<div class=\"elementor-widget-container\">\n\t\t\t\t\t<h1 class=\"elementor-heading-title elementor-size-default\"><span class=\"cb_title_big less_big no_shadow silver\">Agriculture 4.0<span class=\"deep_blue\"> sur une grande Scale<\/span><\/span><\/h1>\t\t\t\t<\/div>\n\t\t\t\t<\/div>\n\t\t\t\t<div class=\"elementor-element elementor-element-6a0c1dc cb_hero_paragraph elementor-widget elementor-widget-text-editor\" data-id=\"6a0c1dc\" data-element_type=\"widget\" data-widget_type=\"text-editor.default\">\n\t\t\t\t<div class=\"elementor-widget-container\">\n\t\t\t\t\t\t\t\t\t<h3 class=\"no_shadow\"><span style=\"font-weight: 400;\"><strong>Pr\u00e9sentation<\/strong> <strong>T\u00c9THYS<\/strong>: t\u00e9l\u00e9charger le CS <strong><a href=\"https:\/\/tethys.farm\/wp-content\/uploads\/2024\/01\/TETHYS-CS-breve.pdf\">ici<\/a><\/strong>.<\/span><\/h3><h3 class=\"no_shadow\"><span style=\"font-weight: 400;\"><strong>Exp\u00e9rimentation Corte Zera<\/strong>: t\u00e9l\u00e9charger le CS <strong><a href=\"https:\/\/tethys.farm\/wp-content\/uploads\/2024\/01\/TETHYS-Sperimentazione-Corte-Zera.pdf\">ici<\/a><\/strong>.<\/span><\/h3><h3 class=\"no_shadow\"><span style=\"font-weight: 400;\"><strong>Brochure 2024 : <\/strong>t\u00e9l\u00e9chargez-le <strong><a href=\"https:\/\/tethys.farm\/wp-content\/uploads\/2024\/01\/TETHYS-Pieghevole-450x210-Digital.pdf\">ici<\/a>.<\/strong><\/span><\/h3><p>\u00a0<\/p><h3 class=\"no_shadow\"><span style=\"font-weight: 400;\"><strong>Contacts:<br \/>Matteo De Sanctis \u2013 <\/strong>directeur financier<\/span><\/h3><h3 class=\"no_shadow\"><a href=\"mailto:matteo.desanctis@centralevalutativa.it\">matteo.desanctis@centralevalutiva.it<\/a><\/h3><h3 class=\"no_shadow\"><strong>Evelina Guerreschi \u2013 <\/strong>Responsable des communications<\/h3><h3 class=\"no_shadow\"><a href=\"mailto:evelina.guerreschi@centralevalutativa.it\">evelina.guerreschi@centralevalutativa.it<\/a><\/h3>\t\t\t\t\t\t\t\t<\/div>\n\t\t\t\t<\/div>\n\t\t<div class=\"elementor-element elementor-element-93a3b3d link_to_url_aqua e-con-full e-flex e-con e-child\" data-id=\"93a3b3d\" data-element_type=\"container\">\n\t\t\t\t<div class=\"elementor-element elementor-element-fa36b20 video_shadow elementor-widget elementor-widget-video\" data-id=\"fa36b20\" data-element_type=\"widget\" data-settings=\"{&quot;video_type&quot;:&quot;hosted&quot;,&quot;autoplay&quot;:&quot;yes&quot;,&quot;play_on_mobile&quot;:&quot;yes&quot;,&quot;mute&quot;:&quot;yes&quot;,&quot;loop&quot;:&quot;yes&quot;}\" data-widget_type=\"video.default\">\n\t\t\t\t<div class=\"elementor-widget-container\">\n\t\t\t\t\t\t\t<div class=\"e-hosted-video elementor-wrapper elementor-open-inline\">\n\t\t\t\t\t<video class=\"elementor-video\" src=\"https:\/\/tethys.farm\/wp-content\/uploads\/2023\/08\/technology4.mp4\" autoplay=\"\" loop=\"\" muted=\"muted\" playsinline=\"\" controlslist=\"nodownload\"><\/video>\n\t\t\t\t<\/div>\n\t\t\t\t\t\t<\/div>\n\t\t\t\t<\/div>\n\t\t\t\t<\/div>\n\t\t\t\t\t<\/div>\n\t\t\t\t<\/div>\n\t\t\t\t<section class=\"elementor-section elementor-top-section elementor-element elementor-element-377dfdb elementor-section-stretched elementor-section-boxed elementor-section-height-default elementor-section-height-default elementor-invisible\" data-id=\"377dfdb\" data-element_type=\"section\" data-settings=\"{&quot;stretch_section&quot;:&quot;section-stretched&quot;,&quot;background_background&quot;:&quot;classic&quot;,&quot;animation&quot;:&quot;fadeIn&quot;}\">\n\t\t\t\t\t\t<div class=\"elementor-container elementor-column-gap-no\">\n\t\t\t\t\t<div class=\"elementor-column elementor-col-50 elementor-top-column elementor-element elementor-element-cf2ead8\" data-id=\"cf2ead8\" data-element_type=\"column\">\n\t\t\t<div class=\"elementor-widget-wrap elementor-element-populated\">\n\t\t\t\t\t\t<div class=\"elementor-element elementor-element-1b6b4bc elementor-widget elementor-widget-heading\" data-id=\"1b6b4bc\" data-element_type=\"widget\" data-widget_type=\"heading.default\">\n\t\t\t\t<div class=\"elementor-widget-container\">\n\t\t\t\t\t<h2 class=\"elementor-heading-title elementor-size-default\">Pour nous contacter<\/h2>\t\t\t\t<\/div>\n\t\t\t\t<\/div>\n\t\t\t\t<div class=\"elementor-element elementor-element-872d56a elementor-widget elementor-widget-text-editor\" data-id=\"872d56a\" data-element_type=\"widget\" data-widget_type=\"text-editor.default\">\n\t\t\t\t<div class=\"elementor-widget-container\">\n\t\t\t\t\t\t\t\t\t<p>Si vous souhaitez de plus amples informations sur nos solutions, \u00e9crivez-nous via le formulaire ci-dessous.<\/p>\t\t\t\t\t\t\t\t<\/div>\n\t\t\t\t<\/div>\n\t\t\t\t<div class=\"elementor-element elementor-element-9e079c0 etheme-contact-form-7-button-custom elementor-widget elementor-widget-et-contact-form-7\" data-id=\"9e079c0\" data-element_type=\"widget\" data-widget_type=\"et-contact-form-7.default\">\n\t\t\t\t<div class=\"elementor-widget-container\">\n\t\t\t\t\t                <div class=\"pp-contact-form etheme-contact-form-7 placeholder-show\">\n                                            <div class=\"etheme-contact-form-7-heading\">\n                                                                                <\/div>\n                                        \n<div class=\"wpcf7 no-js\" id=\"wpcf7-f4-o1\" lang=\"it-IT\" dir=\"ltr\" data-wpcf7-id=\"4\">\n<div class=\"screen-reader-response\"><p role=\"status\" aria-live=\"polite\" aria-atomic=\"true\"><\/p> <ul><\/ul><\/div>\n<form action=\"\/fr\/wp-json\/wp\/v2\/pages\/9235#wpcf7-f4-o1\" method=\"post\" class=\"wpcf7-form init\" aria-label=\"Formulaire de contact\" novalidate=\"novalidate\" data-status=\"init\" data-trp-original-action=\"\/fr\/wp-json\/wp\/v2\/pages\/9235#wpcf7-f4-o1\">\n<fieldset class=\"hidden-fields-container\"><input type=\"hidden\" name=\"_wpcf7\" value=\"4\" \/><input type=\"hidden\" name=\"_wpcf7_version\" value=\"6.1\" \/><input type=\"hidden\" name=\"_wpcf7_locale\" value=\"it_IT\" \/><input type=\"hidden\" name=\"_wpcf7_unit_tag\" value=\"wpcf7-f4-o1\" \/><input type=\"hidden\" name=\"_wpcf7_container_post\" value=\"0\" \/><input type=\"hidden\" name=\"_wpcf7_posted_data_hash\" value=\"\" \/>\n<\/fieldset>\n<p><label> Nom et pr\u00e9nom<br \/>\n<span class=\"wpcf7-form-control-wrap\" data-name=\"your-name\"><input size=\"40\" maxlength=\"400\" class=\"wpcf7-form-control wpcf7-text wpcf7-validates-as-required\" aria-required=\"true\" aria-invalid=\"false\" value=\"\" type=\"text\" name=\"your-name\" \/><\/span> <\/label>\n<\/p>\n<p><label> E-mail<br \/>\n<span class=\"wpcf7-form-control-wrap\" data-name=\"your-email\"><input size=\"40\" maxlength=\"400\" class=\"wpcf7-form-control wpcf7-email wpcf7-validates-as-required wpcf7-text wpcf7-validates-as-email\" aria-required=\"true\" aria-invalid=\"false\" value=\"\" type=\"email\" name=\"your-email\" \/><\/span> <\/label>\n<\/p>\n<p><label> Agence<br \/>\n<span class=\"wpcf7-form-control-wrap\" data-name=\"your-company\"><input size=\"40\" maxlength=\"400\" class=\"wpcf7-form-control wpcf7-text wpcf7-validates-as-required\" aria-required=\"true\" aria-invalid=\"false\" value=\"\" type=\"text\" name=\"your-company\" \/><\/span> <\/label>\n<\/p>\n<p><label> Objet<br \/>\n<span class=\"wpcf7-form-control-wrap\" data-name=\"your-subject\"><input size=\"40\" maxlength=\"400\" class=\"wpcf7-form-control wpcf7-text wpcf7-validates-as-required\" aria-required=\"true\" aria-invalid=\"false\" value=\"\" type=\"text\" name=\"your-subject\" \/><\/span> <\/label>\n<\/p>\n<p><label> Message<br \/>\n<span class=\"wpcf7-form-control-wrap\" data-name=\"your-message\"><textarea cols=\"40\" rows=\"10\" maxlength=\"2000\" class=\"wpcf7-form-control wpcf7-textarea\" aria-invalid=\"false\" name=\"your-message\"><\/textarea><\/span> <\/label>\n<\/p>\n<p><input class=\"wpcf7-form-control wpcf7-submit has-spinner\" type=\"submit\" value=\"soumettre\" \/>\n<\/p><p style=\"display: none !important;\" class=\"akismet-fields-container\" data-prefix=\"_wpcf7_ak_\"><label>&#916;<textarea name=\"_wpcf7_ak_hp_textarea\" cols=\"45\" rows=\"8\" maxlength=\"100\"><\/textarea><\/label><input type=\"hidden\" id=\"ak_js_1\" name=\"_wpcf7_ak_js\" value=\"191\"\/><script>document.getElementById( \"ak_js_1\" ).setAttribute( \"value\", ( new Date() ).getTime() );<\/script><\/p><div class=\"wpcf7-response-output\" aria-hidden=\"true\"><\/div>\n<input type=\"hidden\" name=\"trp-form-language\" value=\"fr\"\/><\/form>\n<\/div>\n\r\n\t\t\t\t<script>\r\n\t\t\t\tif ( typeof huOptions !== 'undefined' ) {\r\n\t\t\t\t\tvar huFormData = {\"source\":\"contactform7\",\"id\":4,\"title\":\"Modulo di contatto 1\",\"fields\":{\"subject\":{\"first_name\":\"your-name\",\"email\":\"your-email\"},\"preferences\":{\"terms\":\"your-consent\"}}};\r\n\t\t\t\t\tvar huFormNode = document.querySelector( '[id^=\"wpcf7-f4-\"] form' );\r\n\r\n\t\t\t\t\thuFormData['node'] = huFormNode;\r\n\t\t\t\t\thuOptions['forms'].push( huFormData );\r\n\t\t\t\t}\r\n\t\t\t\t<\/script>                <\/div>\n                \t\t\t\t<\/div>\n\t\t\t\t<\/div>\n\t\t\t\t\t<\/div>\n\t\t<\/div>\n\t\t\t\t<div class=\"elementor-column elementor-col-50 elementor-top-column elementor-element elementor-element-1336e41\" data-id=\"1336e41\" data-element_type=\"column\">\n\t\t\t<div class=\"elementor-widget-wrap elementor-element-populated\">\n\t\t\t\t\t\t<div class=\"elementor-element elementor-element-a606ec5 elementor-widget elementor-widget-heading\" data-id=\"a606ec5\" data-element_type=\"widget\" data-widget_type=\"heading.default\">\n\t\t\t\t<div class=\"elementor-widget-container\">\n\t\t\t\t\t<h2 class=\"elementor-heading-title elementor-size-default\">O\u00d9 NOUS SOMMES<\/h2>\t\t\t\t<\/div>\n\t\t\t\t<\/div>\n\t\t\t\t<section class=\"elementor-section elementor-inner-section elementor-element elementor-element-194a435 elementor-section-boxed elementor-section-height-default elementor-section-height-default\" data-id=\"194a435\" data-element_type=\"section\">\n\t\t\t\t\t\t<div class=\"elementor-container elementor-column-gap-default\">\n\t\t\t\t\t<div class=\"elementor-column elementor-col-100 elementor-inner-column elementor-element elementor-element-b375d01\" data-id=\"b375d01\" data-element_type=\"column\">\n\t\t\t<div class=\"elementor-widget-wrap elementor-element-populated\">\n\t\t\t\t<div class=\"elementor-element elementor-element-6b85118 e-con-full e-flex e-con e-parent\" data-id=\"6b85118\" data-element_type=\"container\">\n\t\t<div class=\"elementor-element elementor-element-a91246e e-con-full e-flex e-con e-child\" data-id=\"a91246e\" data-element_type=\"container\">\n\t\t\t\t<div class=\"elementor-element elementor-element-f4bd826 elementor-position-left elementor-vertical-align-middle elementor-view-default elementor-mobile-position-top elementor-widget elementor-widget-icon-box\" data-id=\"f4bd826\" data-element_type=\"widget\" data-widget_type=\"icon-box.default\">\n\t\t\t\t<div class=\"elementor-widget-container\">\n\t\t\t\t\t\t\t<div class=\"elementor-icon-box-wrapper\">\n\n\t\t\t\t\t\t<div class=\"elementor-icon-box-icon\">\n\t\t\t\t<span  class=\"elementor-icon\">\n\t\t\t\t<i aria-hidden=\"true\" class=\"fas fa-map-marked-alt\"><\/i>\t\t\t\t<\/span>\n\t\t\t<\/div>\n\t\t\t\n\t\t\t\t\t\t<div class=\"elementor-icon-box-content\">\n\n\t\t\t\t\t\t\t\t\t<div class=\"elementor-icon-box-title\">\n\t\t\t\t\t\t<span  >\n\t\t\t\t\t\t\tAdresse\t\t\t\t\t\t<\/span>\n\t\t\t\t\t<\/div>\n\t\t\t\t\n\t\t\t\t\n\t\t\t<\/div>\n\t\t\t\n\t\t<\/div>\n\t\t\t\t\t\t<\/div>\n\t\t\t\t<\/div>\n\t\t\t\t<div class=\"elementor-element elementor-element-abe739b elementor-widget elementor-widget-text-editor\" data-id=\"abe739b\" data-element_type=\"widget\" data-widget_type=\"text-editor.default\">\n\t\t\t\t<div class=\"elementor-widget-container\">\n\t\t\t\t\t\t\t\t\t<p style=\"text-align: left;\">Via Arduino 11\/B \u2013 00162 Rome<\/p>\t\t\t\t\t\t\t\t<\/div>\n\t\t\t\t<\/div>\n\t\t\t\t<\/div>\n\t\t<div class=\"elementor-element elementor-element-c1385cd e-con-full e-flex e-con e-child\" data-id=\"c1385cd\" data-element_type=\"container\">\n\t\t\t\t<div class=\"elementor-element elementor-element-f87adcc elementor-position-left elementor-vertical-align-middle elementor-view-default elementor-mobile-position-top elementor-widget elementor-widget-icon-box\" data-id=\"f87adcc\" data-element_type=\"widget\" data-widget_type=\"icon-box.default\">\n\t\t\t\t<div class=\"elementor-widget-container\">\n\t\t\t\t\t\t\t<div class=\"elementor-icon-box-wrapper\">\n\n\t\t\t\t\t\t<div class=\"elementor-icon-box-icon\">\n\t\t\t\t<span  class=\"elementor-icon\">\n\t\t\t\t<i aria-hidden=\"true\" class=\"fas fa-phone-alt\"><\/i>\t\t\t\t<\/span>\n\t\t\t<\/div>\n\t\t\t\n\t\t\t\t\t\t<div class=\"elementor-icon-box-content\">\n\n\t\t\t\t\t\t\t\t\t<div class=\"elementor-icon-box-title\">\n\t\t\t\t\t\t<span  >\n\t\t\t\t\t\t\tT\u00e9l\u00e9phone\t\t\t\t\t\t<\/span>\n\t\t\t\t\t<\/div>\n\t\t\t\t\n\t\t\t\t\n\t\t\t<\/div>\n\t\t\t\n\t\t<\/div>\n\t\t\t\t\t\t<\/div>\n\t\t\t\t<\/div>\n\t\t\t\t<div class=\"elementor-element elementor-element-4bc1e2e elementor-widget elementor-widget-text-editor\" data-id=\"4bc1e2e\" data-element_type=\"widget\" data-widget_type=\"text-editor.default\">\n\t\t\t\t<div class=\"elementor-widget-container\">\n\t\t\t\t\t\t\t\t\t<p><span class=\"contact-telephone\">+39 06 90548027<\/span><\/p>\t\t\t\t\t\t\t\t<\/div>\n\t\t\t\t<\/div>\n\t\t\t\t<\/div>\n\t\t\t\t<\/div>\n\t\t\t\t\t<\/div>\n\t\t<\/div>\n\t\t\t\t\t<\/div>\n\t\t<\/section>\n\t\t\t\t\t<\/div>\n\t\t<\/div>\n\t\t\t\t\t<\/div>\n\t\t<\/section>\n\t\t\t\t<\/div>","protected":false},"excerpt":{"rendered":"<p>HAUTE TECHNOLOGIE. LITT\u00c9RALEMENT. TETHYS fournit des analyses pr\u00e9cises gr\u00e2ce \u00e0 quatre puissants satellites de l&#039;ESA et de la NASA. L&#039;agriculture 4.0 \u00e0 grande \u00e9chelle. Pr\u00e9sentation de TETHYS\u00a0: t\u00e9l\u00e9chargez le CS\u2026<\/p>","protected":false},"author":18,"featured_media":0,"parent":0,"menu_order":0,"comment_status":"closed","ping_status":"closed","template":"","meta":{"_monsterinsights_skip_tracking":false,"_monsterinsights_sitenote_active":false,"_monsterinsights_sitenote_note":"","_monsterinsights_sitenote_category":0,"footnotes":""},"class_list":["post-9235","page","type-page","status-publish","hentry"],"yoast_head":"<!-- This site is optimized with the Yoast SEO plugin v25.4 - https:\/\/yoast.com\/wordpress\/plugins\/seo\/ -->\n<title>PRESS<\/title>\n<meta name=\"description\" content=\"Pagina dedicata alla stampa per raccontare TETHYS e l&#039;agricoltura di precisione. Nello specifico: bio, tecnologia e novit\u00e0.\" \/>\n<meta name=\"robots\" content=\"index, follow, max-snippet:-1, max-image-preview:large, max-video-preview:-1\" \/>\n<link rel=\"canonical\" href=\"https:\/\/tethys.farm\/fr\/presse-du-secteur-agricole\/\" \/>\n<meta property=\"og:locale\" content=\"fr_FR\" \/>\n<meta property=\"og:type\" content=\"article\" \/>\n<meta property=\"og:title\" content=\"PRESS\" \/>\n<meta property=\"og:description\" content=\"Pagina dedicata alla stampa per raccontare TETHYS e l&#039;agricoltura di precisione. Nello specifico: bio, tecnologia e novit\u00e0.\" \/>\n<meta property=\"og:url\" content=\"https:\/\/tethys.farm\/fr\/presse-du-secteur-agricole\/\" \/>\n<meta property=\"og:site_name\" content=\"TETHYS\" \/>\n<meta property=\"article:publisher\" content=\"https:\/\/www.facebook.com\/people\/Tethys\/61551049833155\/\" \/>\n<meta property=\"article:modified_time\" content=\"2025-06-19T09:27:44+00:00\" \/>\n<meta name=\"twitter:card\" content=\"summary_large_image\" \/>\n<meta name=\"twitter:label1\" content=\"Dur\u00e9e de lecture estim\u00e9e\" \/>\n\t<meta name=\"twitter:data1\" content=\"1 minute\" \/>\n<script type=\"application\/ld+json\" class=\"yoast-schema-graph\">{\"@context\":\"https:\/\/schema.org\",\"@graph\":[{\"@type\":\"WebPage\",\"@id\":\"https:\/\/tethys.farm\/stampa-settore-agricolo\/\",\"url\":\"https:\/\/tethys.farm\/stampa-settore-agricolo\/\",\"name\":\"PRESS\",\"isPartOf\":{\"@id\":\"https:\/\/tethys.farm\/#website\"},\"datePublished\":\"2024-01-30T11:38:07+00:00\",\"dateModified\":\"2025-06-19T09:27:44+00:00\",\"description\":\"Pagina dedicata alla stampa per raccontare TETHYS e l'agricoltura di precisione. Nello specifico: bio, tecnologia e novit\u00e0.\",\"breadcrumb\":{\"@id\":\"https:\/\/tethys.farm\/stampa-settore-agricolo\/#breadcrumb\"},\"inLanguage\":\"fr-FR\",\"potentialAction\":[{\"@type\":\"ReadAction\",\"target\":[\"https:\/\/tethys.farm\/stampa-settore-agricolo\/\"]}]},{\"@type\":\"BreadcrumbList\",\"@id\":\"https:\/\/tethys.farm\/stampa-settore-agricolo\/#breadcrumb\",\"itemListElement\":[{\"@type\":\"ListItem\",\"position\":1,\"name\":\"Home\",\"item\":\"https:\/\/tethys.farm\/\"},{\"@type\":\"ListItem\",\"position\":2,\"name\":\"PRESS\"}]},{\"@type\":\"WebSite\",\"@id\":\"https:\/\/tethys.farm\/#website\",\"url\":\"https:\/\/tethys.farm\/\",\"name\":\"TETHYS - Agricoltura di precisione\",\"description\":\"L&#039;agricoltura di precisione per tutti\",\"publisher\":{\"@id\":\"https:\/\/tethys.farm\/#organization\"},\"alternateName\":\"TETHYS\",\"potentialAction\":[{\"@type\":\"SearchAction\",\"target\":{\"@type\":\"EntryPoint\",\"urlTemplate\":\"https:\/\/tethys.farm\/?s={search_term_string}\"},\"query-input\":{\"@type\":\"PropertyValueSpecification\",\"valueRequired\":true,\"valueName\":\"search_term_string\"}}],\"inLanguage\":\"fr-FR\"},{\"@type\":\"Organization\",\"@id\":\"https:\/\/tethys.farm\/#organization\",\"name\":\"TETHYS - Agricoltura di precisione\",\"alternateName\":\"TETHYS - Agricoltura di precisione\",\"url\":\"https:\/\/tethys.farm\/\",\"logo\":{\"@type\":\"ImageObject\",\"inLanguage\":\"fr-FR\",\"@id\":\"https:\/\/tethys.farm\/#\/schema\/logo\/image\/\",\"url\":\"https:\/\/tethys.farm\/wp-content\/uploads\/2023\/07\/android-chrome-256x256-1.png\",\"contentUrl\":\"https:\/\/tethys.farm\/wp-content\/uploads\/2023\/07\/android-chrome-256x256-1.png\",\"width\":256,\"height\":256,\"caption\":\"TETHYS - Agricoltura di precisione\"},\"image\":{\"@id\":\"https:\/\/tethys.farm\/#\/schema\/logo\/image\/\"},\"sameAs\":[\"https:\/\/www.facebook.com\/people\/Tethys\/61551049833155\/\",\"https:\/\/www.linkedin.com\/showcase\/tethys-app\/\"]}]}<\/script>\n<!-- \/ Yoast SEO plugin. -->","yoast_head_json":{"title":"PRESS","description":"Pagina dedicata alla stampa per raccontare TETHYS e l'agricoltura di precisione. Nello specifico: bio, tecnologia e novit\u00e0.","robots":{"index":"index","follow":"follow","max-snippet":"max-snippet:-1","max-image-preview":"max-image-preview:large","max-video-preview":"max-video-preview:-1"},"canonical":"https:\/\/tethys.farm\/fr\/presse-du-secteur-agricole\/","og_locale":"fr_FR","og_type":"article","og_title":"PRESS","og_description":"Pagina dedicata alla stampa per raccontare TETHYS e l'agricoltura di precisione. Nello specifico: bio, tecnologia e novit\u00e0.","og_url":"https:\/\/tethys.farm\/fr\/presse-du-secteur-agricole\/","og_site_name":"TETHYS","article_publisher":"https:\/\/www.facebook.com\/people\/Tethys\/61551049833155\/","article_modified_time":"2025-06-19T09:27:44+00:00","twitter_card":"summary_large_image","twitter_misc":{"Dur\u00e9e de lecture estim\u00e9e":"1 minute"},"schema":{"@context":"https:\/\/schema.org","@graph":[{"@type":"WebPage","@id":"https:\/\/tethys.farm\/stampa-settore-agricolo\/","url":"https:\/\/tethys.farm\/stampa-settore-agricolo\/","name":"PRESS","isPartOf":{"@id":"https:\/\/tethys.farm\/#website"},"datePublished":"2024-01-30T11:38:07+00:00","dateModified":"2025-06-19T09:27:44+00:00","description":"Pagina dedicata alla stampa per raccontare TETHYS e l'agricoltura di precisione. Nello specifico: bio, tecnologia e novit\u00e0.","breadcrumb":{"@id":"https:\/\/tethys.farm\/stampa-settore-agricolo\/#breadcrumb"},"inLanguage":"fr-FR","potentialAction":[{"@type":"ReadAction","target":["https:\/\/tethys.farm\/stampa-settore-agricolo\/"]}]},{"@type":"BreadcrumbList","@id":"https:\/\/tethys.farm\/stampa-settore-agricolo\/#breadcrumb","itemListElement":[{"@type":"ListItem","position":1,"name":"Home","item":"https:\/\/tethys.farm\/"},{"@type":"ListItem","position":2,"name":"PRESS"}]},{"@type":"WebSite","@id":"https:\/\/tethys.farm\/#website","url":"https:\/\/tethys.farm\/","name":"TETHYS - Agricoltura di precisione","description":"L&#039;agricoltura di precisione per tutti","publisher":{"@id":"https:\/\/tethys.farm\/#organization"},"alternateName":"TETHYS","potentialAction":[{"@type":"SearchAction","target":{"@type":"EntryPoint","urlTemplate":"https:\/\/tethys.farm\/?s={search_term_string}"},"query-input":{"@type":"PropertyValueSpecification","valueRequired":true,"valueName":"search_term_string"}}],"inLanguage":"fr-FR"},{"@type":"Organization","@id":"https:\/\/tethys.farm\/#organization","name":"TETHYS - Agricoltura di precisione","alternateName":"TETHYS - Agricoltura di precisione","url":"https:\/\/tethys.farm\/","logo":{"@type":"ImageObject","inLanguage":"fr-FR","@id":"https:\/\/tethys.farm\/#\/schema\/logo\/image\/","url":"https:\/\/tethys.farm\/wp-content\/uploads\/2023\/07\/android-chrome-256x256-1.png","contentUrl":"https:\/\/tethys.farm\/wp-content\/uploads\/2023\/07\/android-chrome-256x256-1.png","width":256,"height":256,"caption":"TETHYS - Agricoltura di precisione"},"image":{"@id":"https:\/\/tethys.farm\/#\/schema\/logo\/image\/"},"sameAs":["https:\/\/www.facebook.com\/people\/Tethys\/61551049833155\/","https:\/\/www.linkedin.com\/showcase\/tethys-app\/"]}]}},"_links":{"self":[{"href":"https:\/\/tethys.farm\/fr\/wp-json\/wp\/v2\/pages\/9235","targetHints":{"allow":["GET"]}}],"collection":[{"href":"https:\/\/tethys.farm\/fr\/wp-json\/wp\/v2\/pages"}],"about":[{"href":"https:\/\/tethys.farm\/fr\/wp-json\/wp\/v2\/types\/page"}],"author":[{"embeddable":true,"href":"https:\/\/tethys.farm\/fr\/wp-json\/wp\/v2\/users\/18"}],"replies":[{"embeddable":true,"href":"https:\/\/tethys.farm\/fr\/wp-json\/wp\/v2\/comments?post=9235"}],"version-history":[{"count":22,"href":"https:\/\/tethys.farm\/fr\/wp-json\/wp\/v2\/pages\/9235\/revisions"}],"predecessor-version":[{"id":9268,"href":"https:\/\/tethys.farm\/fr\/wp-json\/wp\/v2\/pages\/9235\/revisions\/9268"}],"wp:attachment":[{"href":"https:\/\/tethys.farm\/fr\/wp-json\/wp\/v2\/media?parent=9235"}],"curies":[{"name":"wp","href":"https:\/\/api.w.org\/{rel}","templated":true}]}}