{"id":3471,"date":"2023-06-14T16:59:19","date_gmt":"2023-06-14T16:59:19","guid":{"rendered":"https:\/\/tethys.farm\/?page_id=3471"},"modified":"2023-08-04T14:33:17","modified_gmt":"2023-08-04T13:33:17","slug":"politique-de-cookies-2","status":"publish","type":"page","link":"https:\/\/tethys.farm\/fr\/politique-de-cookies-2\/","title":{"rendered":"Politique de cookies"},"content":{"rendered":"<div data-elementor-type=\"wp-page\" data-elementor-id=\"3471\" class=\"elementor elementor-3471\">\n\t\t\t\t\t\t<section class=\"elementor-section elementor-top-section elementor-element elementor-element-e43aadd elementor-section-stretched elementor-section-boxed elementor-section-height-default elementor-section-height-default elementor-invisible\" data-id=\"e43aadd\" data-element_type=\"section\" data-settings=\"{&quot;stretch_section&quot;:&quot;section-stretched&quot;,&quot;animation&quot;:&quot;fadeInUp&quot;}\">\n\t\t\t\t\t\t<div class=\"elementor-container elementor-column-gap-no\">\n\t\t\t\t\t<div class=\"elementor-column elementor-col-100 elementor-top-column elementor-element elementor-element-3900ea3\" data-id=\"3900ea3\" data-element_type=\"column\">\n\t\t\t<div class=\"elementor-widget-wrap elementor-element-populated\">\n\t\t\t\t\t\t<div class=\"elementor-element elementor-element-8139eb9 elementor-widget elementor-widget-heading\" data-id=\"8139eb9\" data-element_type=\"widget\" data-widget_type=\"heading.default\">\n\t\t\t\t<div class=\"elementor-widget-container\">\n\t\t\t\t\t<h2 class=\"elementor-heading-title elementor-size-default\">Politique en mati\u00e8re de cookies<\/h2>\t\t\t\t<\/div>\n\t\t\t\t<\/div>\n\t\t\t\t<div class=\"elementor-element elementor-element-687895e elementor-widget elementor-widget-text-editor\" data-id=\"687895e\" data-element_type=\"widget\" data-widget_type=\"text-editor.default\">\n\t\t\t\t<div class=\"elementor-widget-container\">\n\t\t\t\t\t\t\t\t\t<p><strong>Informations d\u00e9taill\u00e9es sur l&#039;utilisation des cookies<\/strong><\/p><p>Le site TETHYS, <a href=\"https:\/\/tethys.farm\/fr\/\" target=\"_blank\" rel=\"noopener\">https:\/\/tethys.farm<\/a>, est la propri\u00e9t\u00e9 de CENTRALE EVALUATIVA et utilise des cookies et des technologies similaires pour garantir le bon fonctionnement des proc\u00e9dures et pour am\u00e9liorer l&#039;exp\u00e9rience d&#039;utilisation des applications en ligne. Ce document fournit des informations d\u00e9taill\u00e9es sur l&#039;utilisation des cookies et technologies similaires utilis\u00e9es par CENTRALE EVALUATIVA et sur la mani\u00e8re de les g\u00e9rer.<\/p><p><strong>D\u00e9finitions<\/strong><\/p><p>Les cookies sont de courts fragments de texte (lettres et\/ou chiffres) qui permettent au serveur web de stocker des informations sur le client (le navigateur) pour \u00eatre r\u00e9utilis\u00e9es lors de la m\u00eame visite du site (cookies de session) ou plus tard, m\u00eame apr\u00e8s des jours (cookies persistants). biscuits). Les cookies sont stock\u00e9s, en fonction des pr\u00e9f\u00e9rences de l&#039;utilisateur, par le navigateur individuel sur l&#039;appareil sp\u00e9cifique utilis\u00e9 (ordinateur, tablette, smartphone).<\/p><p>Des technologies similaires, comme par exemple les balises Web, les GIF transparents et toutes les formes de stockage local introduites avec HTML5, peuvent \u00eatre utilis\u00e9es pour collecter des informations sur le comportement des utilisateurs et l&#039;utilisation des services.<\/p><p>Dans la suite de ce document nous ferons r\u00e9f\u00e9rence aux cookies et toutes technologies similaires en utilisant simplement le terme \u00ab cookies \u00bb.<\/p><p><strong>Types de cookies utilis\u00e9s sur le site<\/strong><\/p><p>En fonction des caract\u00e9ristiques et de l&#039;utilisation des cookies, nous pouvons distinguer diff\u00e9rentes cat\u00e9gories\u00a0:<\/p><p><strong>Cookies techniques (analyse et performances).<\/strong>\u00a0Il s&#039;agit de cookies n\u00e9cessaires pour collecter et analyser le trafic et l&#039;utilisation du site de mani\u00e8re anonyme. Ces cookies, sans identifier l&#039;utilisateur, permettent par exemple de d\u00e9tecter si le m\u00eame utilisateur revient se connecter \u00e0 des moments diff\u00e9rents. Ils vous permettent \u00e9galement de surveiller le syst\u00e8me et d\u2019am\u00e9liorer ses performances et sa convivialit\u00e9. La d\u00e9sactivation de ces cookies peut se faire sans aucune perte de fonctionnalit\u00e9.<\/p><p><strong>Cookies de profilage.<\/strong> Il s&#039;agit de cookies permanents utilis\u00e9s pour identifier (de mani\u00e8re anonyme ou non) les pr\u00e9f\u00e9rences de l&#039;utilisateur et am\u00e9liorer son exp\u00e9rience de navigation. Le site TETHYS, <a href=\"https:\/\/tethys.farm\/fr\/\" target=\"_blank\" rel=\"noopener\">https:\/\/tethys.farm<\/a>, n&#039;utilise pas de cookies de ce type.\u00a0<\/p><p><strong>Cookies tiers<\/strong><\/p><p>En visitant un site Web, vous pouvez recevoir des cookies \u00e0 la fois du site visit\u00e9 (\u00ab propri\u00e9taire \u00bb) et de sites g\u00e9r\u00e9s par d&#039;autres organisations (\u00ab tiers \u00bb). Un exemple est repr\u00e9sent\u00e9 par les \u00ab plugins sociaux \u00bb de Facebook, Twitter, Google+ et LinkedIn. Il s&#039;agit de parties de la page visit\u00e9e g\u00e9n\u00e9r\u00e9es directement par les sites pr\u00e9cit\u00e9s et int\u00e9gr\u00e9es \u00e0 la page du site h\u00e9bergeur. L&#039;utilisation la plus courante des plugins sociaux vise \u00e0 partager du contenu sur les r\u00e9seaux sociaux.<\/p><p>La pr\u00e9sence de ces plugins implique la transmission de cookies vers et depuis tous les sites g\u00e9r\u00e9s par des tiers. La gestion des informations collect\u00e9es par eux est r\u00e9gie par leurs informations pertinentes auxquelles nous vous invitons \u00e0 vous r\u00e9f\u00e9rer. Pour garantir plus de transparence et de commodit\u00e9, les adresses Internet des diff\u00e9rentes informations et modalit\u00e9s de gestion des cookies sont indiqu\u00e9es ci-dessous.<\/p><p>Informations Facebook : <a href=\"https:\/\/www.facebook.com\/help\/cookies\/\">https:\/\/www.facebook.com\/help\/cookies\/<\/a><\/p><p>Facebook (configuration) : connectez-vous \u00e0 votre compte. Section Confidentialit\u00e9<\/p><p>Informations sur Twitter\u00a0: <a href=\"https:\/\/support.twitter.com\/articles\/20170514\">https:\/\/support.twitter.com\/articles\/20170514<\/a><\/p><p>Twitter (configuration)\u00a0: <a href=\"https:\/\/twitter.com\/settings\/security\">https:\/\/twitter.com\/settings\/security<\/a><\/p><p>Informations LinkedIn\u00a0: <a href=\"https:\/\/www.linkedin.com\/legal\/cookie-policy\">https:\/\/www.linkedin.com\/legal\/cookie-policy<\/a><\/p><p>LinkedIn (configuration)\u00a0: <a href=\"https:\/\/www.linkedin.com\/settings\/\">https:\/\/www.linkedin.com\/settings\/<\/a><\/p><p>Informations Google+\u00a0: <a href=\"http:\/\/www.google.it\/intl\/it\/policies\/technologies\/cookies\/\">http:\/\/www.google.it\/intl\/it\/policies\/technologies\/cookies\/<\/a><\/p><p>Google+ (configuration)\u00a0: <a href=\"http:\/\/www.google.it\/intl\/it\/policies\/technologies\/managing\/\">http:\/\/www.google.it\/intl\/it\/policies\/technologies\/managing\/<\/a><\/p><p>Informations Pinterest\u00a0: <a href=\"https:\/\/about.pinterest.com\/it\/privacy-policy\">https:\/\/about.pinterest.com\/it\/privacy-policy<\/a><\/p><p>Instagram \/ Intagme.com\u00a0: <a href=\"http:\/\/intagme.com\/privacy\/\">http:\/\/intagme.com\/privacy\/<\/a><\/p><p>Ajoutez ces informations\u00a0: <a href=\"http:\/\/www.addthis.com\/privacy\/privacy-policy\">http:\/\/www.addthis.com\/privacy\/privacy-policy<\/a><\/p><p><strong>\u00a0<\/strong><strong>Google Analytics<\/strong><\/p><p>Le site Web TETHYS comprend \u00e9galement des composants transmis par Google Analytics, un service d&#039;analyse du trafic Web fourni par Google, Inc. (\u00ab Google \u00bb). Dans ce cas \u00e9galement, il s&#039;agit de cookies tiers collect\u00e9s et g\u00e9r\u00e9s de mani\u00e8re anonyme pour surveiller et am\u00e9liorer les performances du site h\u00e9bergeur (cookie de performance).<\/p><p>Google Analytics utilise des \u00ab cookies \u00bb pour collecter et analyser des informations sur le comportement d&#039;utilisation sous une forme anonyme <a href=\"https:\/\/tethys.farm\/fr\/\" target=\"_blank\" rel=\"noopener\">Site T\u00c9THYS<\/a> (y compris votre adresse IP). Ces informations sont collect\u00e9es par Google Analytics qui les traite dans le but d&#039;\u00e9tablir des rapports \u00e0 destination des op\u00e9rateurs d&#039;ASSESSMENT CENTER sur l&#039;activit\u00e9 des sites. EVALUATION CENTRAL n&#039;utilise pas (et n&#039;autorise pas des tiers \u00e0 utiliser) l&#039;outil d&#039;analyse de Google pour surveiller ou collecter des informations personnellement identifiables. Google n&#039;associe pas l&#039;adresse IP \u00e0 d&#039;autres donn\u00e9es d\u00e9tenues par Google et ne tente pas non plus de relier une adresse IP \u00e0 l&#039;identit\u00e9 d&#039;un utilisateur. Google peut \u00e9galement communiquer ces informations \u00e0 des tiers lorsque la loi l&#039;exige ou lorsque ces tiers traitent les informations susmentionn\u00e9es pour le compte de Google.<\/p><p>Pour plus d\u2019informations, veuillez consulter le lien ci-dessous :<\/p><p><a href=\"https:\/\/www.google.it\/policies\/privacy\/partners\/\">https:\/\/www.google.it\/policies\/privacy\/partners\/<\/a><\/p><p>L&#039;utilisateur peut d\u00e9sactiver de mani\u00e8re s\u00e9lective l&#039;action de Google Analytics en installant le composant de d\u00e9sinscription fourni par Google sur son navigateur. Pour d\u00e9sactiver l&#039;action de Google Analytics, veuillez vous r\u00e9f\u00e9rer au lien ci-dessous : <a href=\"https:\/\/tools.google.com\/dlpage\/gaoptout\">https:\/\/tools.google.com\/dlpage\/gaoptout<\/a><\/p><p><strong>Dur\u00e9e des cookies<\/strong><\/p><p>Certains cookies (cookies de session) restent actifs uniquement jusqu&#039;\u00e0 la fermeture du navigateur ou l&#039;ex\u00e9cution de la commande de d\u00e9connexion. D&#039;autres cookies \u00ab survivent \u00bb \u00e0 la fermeture du navigateur et sont \u00e9galement disponibles lors des visites ult\u00e9rieures de l&#039;utilisateur. Ces cookies sont dits persistants et leur dur\u00e9e est fix\u00e9e par le serveur au moment de leur cr\u00e9ation.<\/p><p>En parcourant les pages de <a href=\"https:\/\/tethys.farm\/fr\/\" target=\"_blank\" rel=\"noopener\">Site T\u00c9THYS<\/a>, vous pouvez interagir avec des sites g\u00e9r\u00e9s par des tiers qui peuvent cr\u00e9er ou modifier des cookies persistants et de profilage.<\/p><p><strong>Gestion des cookies<\/strong><\/p><p>L&#039;utilisateur peut d\u00e9cider d&#039;accepter ou non les cookies en utilisant les param\u00e8tres de son navigateur. La d\u00e9sactivation totale ou partielle des cookies techniques ne compromet pas l&#039;utilisation des fonctionnalit\u00e9s du site.<\/p><p>Le param\u00e8tre peut \u00eatre d\u00e9fini sp\u00e9cifiquement pour diff\u00e9rents sites Web et applications Web.<\/p><p>Vous trouverez ci-dessous les ressources Web qui illustrent comment proc\u00e9der pour chacun des principaux navigateurs\u00a0:<br \/><strong>Chrome<\/strong>: <a href=\"https:\/\/support.google.com\/chrome\/answer\/95647?hl=it\">https:\/\/support.google.com\/chrome\/answer\/95647?hl=it<\/a><\/p><p><strong>Firefox<\/strong>: <a href=\"https:\/\/support.mozilla.org\/it\/kb\/Gestione%20dei%20cookie\">https:\/\/support.mozilla.org\/it\/kb\/Gestione%20dei%20cookie<\/a><\/p><p><strong>Internet Explorer<\/strong>: <a href=\"http:\/\/windows.microsoft.com\/it-it\/windows7\/how-to-manage-cookies-in-internet-explorer-9\">http:\/\/windows.microsoft.com\/it-it\/windows7\/how-to-manage-cookies-in-internet-explorer-9<\/a><\/p><p><strong>Op\u00e9ra<\/strong>: <a href=\"http:\/\/help.opera.com\/Windows\/10.00\/it\/cookies.html\">http:\/\/help.opera.com\/Windows\/10.00\/it\/cookies.html<\/a><\/p><p><strong>Safari<\/strong>: <a href=\"http:\/\/support.apple.com\/kb\/HT1677?viewlocale=it_IT\">http:\/\/support.apple.com\/kb\/HT1677?viewlocale=it_IT<\/a><\/p><p><strong>Mise \u00e0 jour des informations<\/strong><\/p><p>ASSESSMENT CENTER gardera ces informations constamment \u00e0 jour. L&#039;indication en bas de page indique la date \u00e0 laquelle les informations ont \u00e9t\u00e9 mises \u00e0 jour.<\/p><p>Rome, 01\/06\/2023<\/p>\t\t\t\t\t\t\t\t<\/div>\n\t\t\t\t<\/div>\n\t\t\t\t\t<\/div>\n\t\t<\/div>\n\t\t\t\t\t<\/div>\n\t\t<\/section>\n\t\t\t\t<\/div>","protected":false},"excerpt":{"rendered":"<p>Politique relative aux cookies Informations compl\u00e9mentaires sur l\u2019utilisation des cookies Le site web TETHYS, https:\/\/tethys.farm, est la propri\u00e9t\u00e9 de CENTRALE VALUTATIVA et utilise des cookies et des technologies similaires\u2026<\/p>","protected":false},"author":2,"featured_media":0,"parent":0,"menu_order":0,"comment_status":"closed","ping_status":"closed","template":"","meta":{"_monsterinsights_skip_tracking":false,"_monsterinsights_sitenote_active":false,"_monsterinsights_sitenote_note":"","_monsterinsights_sitenote_category":0,"footnotes":""},"class_list":["post-3471","page","type-page","status-publish","hentry"],"yoast_head":"<!-- This site is optimized with the Yoast SEO plugin v25.4 - https:\/\/yoast.com\/wordpress\/plugins\/seo\/ -->\n<title>Cookie policy - TETHYS<\/title>\n<meta name=\"description\" content=\"Leggi la nostra Cookie Policy per conoscere i dettagli e prendere decisioni consapevoli sulla tua privacy online.\" \/>\n<meta name=\"robots\" content=\"noindex, nofollow\" \/>\n<meta property=\"og:locale\" content=\"fr_FR\" \/>\n<meta property=\"og:type\" content=\"article\" \/>\n<meta property=\"og:title\" content=\"Cookie policy - TETHYS\" \/>\n<meta property=\"og:description\" content=\"Leggi la nostra Cookie Policy per conoscere i dettagli e prendere decisioni consapevoli sulla tua privacy online.\" \/>\n<meta property=\"og:url\" content=\"https:\/\/tethys.farm\/fr\/politique-de-cookies-2\/\" \/>\n<meta property=\"og:site_name\" content=\"TETHYS\" \/>\n<meta property=\"article:publisher\" content=\"https:\/\/www.facebook.com\/people\/Tethys\/61551049833155\/\" \/>\n<meta property=\"article:modified_time\" content=\"2023-08-04T13:33:17+00:00\" \/>\n<meta name=\"twitter:card\" content=\"summary_large_image\" \/>\n<meta name=\"twitter:label1\" content=\"Dur\u00e9e de lecture estim\u00e9e\" \/>\n\t<meta name=\"twitter:data1\" content=\"5 minutes\" \/>\n<script type=\"application\/ld+json\" class=\"yoast-schema-graph\">{\"@context\":\"https:\/\/schema.org\",\"@graph\":[{\"@type\":\"WebPage\",\"@id\":\"https:\/\/tethys.farm\/cookie-policy\/\",\"url\":\"https:\/\/tethys.farm\/cookie-policy\/\",\"name\":\"Cookie policy - TETHYS\",\"isPartOf\":{\"@id\":\"https:\/\/tethys.farm\/#website\"},\"datePublished\":\"2023-06-14T16:59:19+00:00\",\"dateModified\":\"2023-08-04T13:33:17+00:00\",\"description\":\"Leggi la nostra Cookie Policy per conoscere i dettagli e prendere decisioni consapevoli sulla tua privacy online.\",\"breadcrumb\":{\"@id\":\"https:\/\/tethys.farm\/cookie-policy\/#breadcrumb\"},\"inLanguage\":\"fr-FR\",\"potentialAction\":[{\"@type\":\"ReadAction\",\"target\":[\"https:\/\/tethys.farm\/cookie-policy\/\"]}]},{\"@type\":\"BreadcrumbList\",\"@id\":\"https:\/\/tethys.farm\/cookie-policy\/#breadcrumb\",\"itemListElement\":[{\"@type\":\"ListItem\",\"position\":1,\"name\":\"Home\",\"item\":\"https:\/\/tethys.farm\/\"},{\"@type\":\"ListItem\",\"position\":2,\"name\":\"Cookie policy\"}]},{\"@type\":\"WebSite\",\"@id\":\"https:\/\/tethys.farm\/#website\",\"url\":\"https:\/\/tethys.farm\/\",\"name\":\"TETHYS - Agricoltura di precisione\",\"description\":\"L&#039;agricoltura di precisione per tutti\",\"publisher\":{\"@id\":\"https:\/\/tethys.farm\/#organization\"},\"alternateName\":\"TETHYS\",\"potentialAction\":[{\"@type\":\"SearchAction\",\"target\":{\"@type\":\"EntryPoint\",\"urlTemplate\":\"https:\/\/tethys.farm\/?s={search_term_string}\"},\"query-input\":{\"@type\":\"PropertyValueSpecification\",\"valueRequired\":true,\"valueName\":\"search_term_string\"}}],\"inLanguage\":\"fr-FR\"},{\"@type\":\"Organization\",\"@id\":\"https:\/\/tethys.farm\/#organization\",\"name\":\"TETHYS - Agricoltura di precisione\",\"alternateName\":\"TETHYS - Agricoltura di precisione\",\"url\":\"https:\/\/tethys.farm\/\",\"logo\":{\"@type\":\"ImageObject\",\"inLanguage\":\"fr-FR\",\"@id\":\"https:\/\/tethys.farm\/#\/schema\/logo\/image\/\",\"url\":\"https:\/\/tethys.farm\/wp-content\/uploads\/2023\/07\/android-chrome-256x256-1.png\",\"contentUrl\":\"https:\/\/tethys.farm\/wp-content\/uploads\/2023\/07\/android-chrome-256x256-1.png\",\"width\":256,\"height\":256,\"caption\":\"TETHYS - Agricoltura di precisione\"},\"image\":{\"@id\":\"https:\/\/tethys.farm\/#\/schema\/logo\/image\/\"},\"sameAs\":[\"https:\/\/www.facebook.com\/people\/Tethys\/61551049833155\/\",\"https:\/\/www.linkedin.com\/showcase\/tethys-app\/\"]}]}<\/script>\n<!-- \/ Yoast SEO plugin. -->","yoast_head_json":{"title":"Cookie policy - TETHYS","description":"Leggi la nostra Cookie Policy per conoscere i dettagli e prendere decisioni consapevoli sulla tua privacy online.","robots":{"index":"noindex","follow":"nofollow"},"og_locale":"fr_FR","og_type":"article","og_title":"Cookie policy - TETHYS","og_description":"Leggi la nostra Cookie Policy per conoscere i dettagli e prendere decisioni consapevoli sulla tua privacy online.","og_url":"https:\/\/tethys.farm\/fr\/politique-de-cookies-2\/","og_site_name":"TETHYS","article_publisher":"https:\/\/www.facebook.com\/people\/Tethys\/61551049833155\/","article_modified_time":"2023-08-04T13:33:17+00:00","twitter_card":"summary_large_image","twitter_misc":{"Dur\u00e9e de lecture estim\u00e9e":"5 minutes"},"schema":{"@context":"https:\/\/schema.org","@graph":[{"@type":"WebPage","@id":"https:\/\/tethys.farm\/cookie-policy\/","url":"https:\/\/tethys.farm\/cookie-policy\/","name":"Cookie policy - TETHYS","isPartOf":{"@id":"https:\/\/tethys.farm\/#website"},"datePublished":"2023-06-14T16:59:19+00:00","dateModified":"2023-08-04T13:33:17+00:00","description":"Leggi la nostra Cookie Policy per conoscere i dettagli e prendere decisioni consapevoli sulla tua privacy online.","breadcrumb":{"@id":"https:\/\/tethys.farm\/cookie-policy\/#breadcrumb"},"inLanguage":"fr-FR","potentialAction":[{"@type":"ReadAction","target":["https:\/\/tethys.farm\/cookie-policy\/"]}]},{"@type":"BreadcrumbList","@id":"https:\/\/tethys.farm\/cookie-policy\/#breadcrumb","itemListElement":[{"@type":"ListItem","position":1,"name":"Home","item":"https:\/\/tethys.farm\/"},{"@type":"ListItem","position":2,"name":"Cookie policy"}]},{"@type":"WebSite","@id":"https:\/\/tethys.farm\/#website","url":"https:\/\/tethys.farm\/","name":"TETHYS - Agricoltura di precisione","description":"L&#039;agricoltura di precisione per tutti","publisher":{"@id":"https:\/\/tethys.farm\/#organization"},"alternateName":"TETHYS","potentialAction":[{"@type":"SearchAction","target":{"@type":"EntryPoint","urlTemplate":"https:\/\/tethys.farm\/?s={search_term_string}"},"query-input":{"@type":"PropertyValueSpecification","valueRequired":true,"valueName":"search_term_string"}}],"inLanguage":"fr-FR"},{"@type":"Organization","@id":"https:\/\/tethys.farm\/#organization","name":"TETHYS - Agricoltura di precisione","alternateName":"TETHYS - Agricoltura di precisione","url":"https:\/\/tethys.farm\/","logo":{"@type":"ImageObject","inLanguage":"fr-FR","@id":"https:\/\/tethys.farm\/#\/schema\/logo\/image\/","url":"https:\/\/tethys.farm\/wp-content\/uploads\/2023\/07\/android-chrome-256x256-1.png","contentUrl":"https:\/\/tethys.farm\/wp-content\/uploads\/2023\/07\/android-chrome-256x256-1.png","width":256,"height":256,"caption":"TETHYS - Agricoltura di precisione"},"image":{"@id":"https:\/\/tethys.farm\/#\/schema\/logo\/image\/"},"sameAs":["https:\/\/www.facebook.com\/people\/Tethys\/61551049833155\/","https:\/\/www.linkedin.com\/showcase\/tethys-app\/"]}]}},"_links":{"self":[{"href":"https:\/\/tethys.farm\/fr\/wp-json\/wp\/v2\/pages\/3471","targetHints":{"allow":["GET"]}}],"collection":[{"href":"https:\/\/tethys.farm\/fr\/wp-json\/wp\/v2\/pages"}],"about":[{"href":"https:\/\/tethys.farm\/fr\/wp-json\/wp\/v2\/types\/page"}],"author":[{"embeddable":true,"href":"https:\/\/tethys.farm\/fr\/wp-json\/wp\/v2\/users\/2"}],"replies":[{"embeddable":true,"href":"https:\/\/tethys.farm\/fr\/wp-json\/wp\/v2\/comments?post=3471"}],"version-history":[{"count":17,"href":"https:\/\/tethys.farm\/fr\/wp-json\/wp\/v2\/pages\/3471\/revisions"}],"predecessor-version":[{"id":6226,"href":"https:\/\/tethys.farm\/fr\/wp-json\/wp\/v2\/pages\/3471\/revisions\/6226"}],"wp:attachment":[{"href":"https:\/\/tethys.farm\/fr\/wp-json\/wp\/v2\/media?parent=3471"}],"curies":[{"name":"wp","href":"https:\/\/api.w.org\/{rel}","templated":true}]}}