{"id":3471,"date":"2023-06-14T16:59:19","date_gmt":"2023-06-14T16:59:19","guid":{"rendered":"https:\/\/tethys.farm\/?page_id=3471"},"modified":"2023-08-04T14:33:17","modified_gmt":"2023-08-04T13:33:17","slug":"politica-de-cookies-2","status":"publish","type":"page","link":"https:\/\/tethys.farm\/es\/politica-de-cookies-2\/","title":{"rendered":"Pol\u00edtica de cookies"},"content":{"rendered":"<div data-elementor-type=\"wp-page\" data-elementor-id=\"3471\" class=\"elementor elementor-3471\">\n\t\t\t\t\t\t<section class=\"elementor-section elementor-top-section elementor-element elementor-element-e43aadd elementor-section-stretched elementor-section-boxed elementor-section-height-default elementor-section-height-default elementor-invisible\" data-id=\"e43aadd\" data-element_type=\"section\" data-settings=\"{&quot;stretch_section&quot;:&quot;section-stretched&quot;,&quot;animation&quot;:&quot;fadeInUp&quot;}\">\n\t\t\t\t\t\t<div class=\"elementor-container elementor-column-gap-no\">\n\t\t\t\t\t<div class=\"elementor-column elementor-col-100 elementor-top-column elementor-element elementor-element-3900ea3\" data-id=\"3900ea3\" data-element_type=\"column\">\n\t\t\t<div class=\"elementor-widget-wrap elementor-element-populated\">\n\t\t\t\t\t\t<div class=\"elementor-element elementor-element-8139eb9 elementor-widget elementor-widget-heading\" data-id=\"8139eb9\" data-element_type=\"widget\" data-widget_type=\"heading.default\">\n\t\t\t\t<div class=\"elementor-widget-container\">\n\t\t\t\t\t<h2 class=\"elementor-heading-title elementor-size-default\">Pol\u00edtica de cookies<\/h2>\t\t\t\t<\/div>\n\t\t\t\t<\/div>\n\t\t\t\t<div class=\"elementor-element elementor-element-687895e elementor-widget elementor-widget-text-editor\" data-id=\"687895e\" data-element_type=\"widget\" data-widget_type=\"text-editor.default\">\n\t\t\t\t<div class=\"elementor-widget-container\">\n\t\t\t\t\t\t\t\t\t<p><strong>Informaci\u00f3n ampliada sobre el uso de cookies<\/strong><\/p><p>El sitio web de TETHYS, <a href=\"https:\/\/tethys.farm\/es\/\" target=\"_blank\" rel=\"noopener\">https:\/\/tethys.farm<\/a>, es propiedad de CENTRALE EVALUATIVA y utiliza cookies y tecnolog\u00edas similares para garantizar el correcto funcionamiento de los procedimientos y mejorar la experiencia de uso de las aplicaciones en l\u00ednea. Este documento proporciona informaci\u00f3n detallada sobre el uso de cookies y tecnolog\u00edas similares utilizadas por CENTRALE EVALUATIVA y sobre c\u00f3mo gestionarlas.<\/p><p><strong>Definiciones<\/strong><\/p><p>Las cookies son peque\u00f1os fragmentos de texto (letras y\/o n\u00fameros) que permiten al servidor web almacenar informaci\u00f3n sobre el cliente (el navegador) para ser reutilizada durante la misma visita al sitio (cookies de sesi\u00f3n) o posteriormente, incluso despu\u00e9s de d\u00edas (cookies persistentes). galletas). Las cookies son almacenadas, seg\u00fan las preferencias del usuario, por el navegador individual en el dispositivo espec\u00edfico utilizado (ordenador, tableta, tel\u00e9fono inteligente).<\/p><p>Se pueden utilizar tecnolog\u00edas similares, como por ejemplo web beacons, GIF transparentes y todas las formas de almacenamiento local introducidas con HTML5, para recopilar informaci\u00f3n sobre el comportamiento del usuario y el uso de los servicios.<\/p><p>En el resto de este documento nos referiremos a cookies y todas las tecnolog\u00edas similares simplemente utilizando el t\u00e9rmino &quot;cookies&quot;.<\/p><p><strong>Tipos de cookies utilizadas en el sitio<\/strong><\/p><p>En funci\u00f3n de las caracter\u00edsticas y uso de las cookies podemos distinguir diferentes categor\u00edas:<\/p><p><strong>Cookies t\u00e9cnicas (an\u00e1lisis y rendimiento).<\/strong>\u00a0Son cookies necesarias para recopilar y analizar el tr\u00e1fico y el uso del sitio de forma an\u00f3nima. Estas cookies, sin identificar al usuario, permiten, por ejemplo, detectar si un mismo usuario vuelve a conectarse en momentos diferentes. Tambi\u00e9n le permiten monitorear el sistema y mejorar su rendimiento y usabilidad. La desactivaci\u00f3n de estas cookies se puede realizar sin p\u00e9rdida de funcionalidad.<\/p><p><strong>Cookies de perfilado.<\/strong> Son cookies permanentes que se utilizan para identificar (de forma an\u00f3nima o no) las preferencias del usuario y mejorar su experiencia de navegaci\u00f3n. El sitio web de TETHYS, <a href=\"https:\/\/tethys.farm\/es\/\" target=\"_blank\" rel=\"noopener\">https:\/\/tethys.farm<\/a>, no utiliza cookies de este tipo.\u00a0<\/p><p><strong>Cookies de terceros<\/strong><\/p><p>Al visitar un sitio web, puede recibir cookies tanto del sitio visitado (\u201cpropietario\u201d) como de sitios administrados por otras organizaciones (\u201cterceros\u201d). Un ejemplo son los &quot;complementos sociales&quot; de Facebook, Twitter, Google+ y LinkedIn. Se trata de partes de la p\u00e1gina visitada generadas directamente por los sitios antes mencionados e integradas en la p\u00e1gina del sitio anfitri\u00f3n. El uso m\u00e1s com\u00fan de los complementos sociales est\u00e1 dirigido a compartir contenidos en las redes sociales.<\/p><p>La presencia de estos complementos implica la transmisi\u00f3n de cookies hacia y desde todos los sitios administrados por terceros. La gesti\u00f3n de la informaci\u00f3n recopilada por ellos se rige por su informaci\u00f3n relevante a la que se remite. Para garantizar una mayor transparencia y comodidad, a continuaci\u00f3n se muestran las direcciones web de las distintas informaciones y m\u00e9todos de gesti\u00f3n de cookies.<\/p><p>Informaci\u00f3n de facebook: <a href=\"https:\/\/www.facebook.com\/help\/cookies\/\">https:\/\/www.facebook.com\/help\/cookies\/<\/a><\/p><p>Facebook (configuraci\u00f3n): inicia sesi\u00f3n en tu cuenta. Secci\u00f3n de privacidad<\/p><p>Informaci\u00f3n de Twitter: <a href=\"https:\/\/support.twitter.com\/articles\/20170514\">https:\/\/support.twitter.com\/articles\/20170514<\/a><\/p><p>Twitter (configuraci\u00f3n): <a href=\"https:\/\/twitter.com\/settings\/security\">https:\/\/twitter.com\/settings\/security<\/a><\/p><p>Informaci\u00f3n de LinkedIn: <a href=\"https:\/\/www.linkedin.com\/legal\/cookie-policy\">https:\/\/www.linkedin.com\/legal\/cookie-policy<\/a><\/p><p>LinkedIn (configuraci\u00f3n): <a href=\"https:\/\/www.linkedin.com\/settings\/\">https:\/\/www.linkedin.com\/settings\/<\/a><\/p><p>Informaci\u00f3n de Google+: <a href=\"http:\/\/www.google.it\/intl\/it\/policies\/technologies\/cookies\/\">http:\/\/www.google.it\/intl\/it\/policies\/technologies\/cookies\/<\/a><\/p><p>Google+ (configuraci\u00f3n): <a href=\"http:\/\/www.google.it\/intl\/it\/policies\/technologies\/managing\/\">http:\/\/www.google.it\/intl\/it\/policies\/technologies\/managing\/<\/a><\/p><p>Informaci\u00f3n de Pinterest: <a href=\"https:\/\/about.pinterest.com\/it\/privacy-policy\">https:\/\/about.pinterest.com\/it\/privacy-policy<\/a><\/p><p>Instagram\/Intagme.com: <a href=\"http:\/\/intagme.com\/privacy\/\">http:\/\/intagme.com\/privacy\/<\/a><\/p><p>Agregar esta informaci\u00f3n: <a href=\"http:\/\/www.addthis.com\/privacy\/privacy-policy\">http:\/\/www.addthis.com\/privacy\/privacy-policy<\/a><\/p><p><strong>\u00a0<\/strong><strong>Google analitico<\/strong><\/p><p>El sitio web de TETHYS tambi\u00e9n incluye componentes transmitidos por Google Analytics, un servicio de an\u00e1lisis de tr\u00e1fico web proporcionado por Google, Inc. (\u201cGoogle\u201d). Tambi\u00e9n en este caso se trata de cookies de terceros recopiladas y gestionadas de forma an\u00f3nima para controlar y mejorar el rendimiento del sitio anfitri\u00f3n (cookie de rendimiento).<\/p><p>Google Analytics utiliza &quot;cookies&quot; para recopilar y analizar informaci\u00f3n sobre el comportamiento de uso de forma an\u00f3nima. <a href=\"https:\/\/tethys.farm\/es\/\" target=\"_blank\" rel=\"noopener\">Sitio web de TETHYS<\/a> (incluida su direcci\u00f3n IP). Esta informaci\u00f3n es recopilada por Google Analytics, que la procesa con el fin de elaborar informes para los operadores del CENTRO DE EVALUACI\u00d3N sobre las actividades en los sitios. EVALUATION CENTRAL no utiliza (y no permite que terceros utilicen) la herramienta de an\u00e1lisis de Google para monitorear o recopilar informaci\u00f3n de identificaci\u00f3n personal. Google no asocia la direcci\u00f3n IP con ning\u00fan otro dato que posea Google ni intenta vincular una direcci\u00f3n IP con la identidad de un usuario. Google tambi\u00e9n podr\u00e1 comunicar esta informaci\u00f3n a terceros, cuando as\u00ed se lo requiera la ley o cuando dichos terceros procesen la informaci\u00f3n antes mencionada por cuenta de Google.<\/p><p>Para obtener m\u00e1s informaci\u00f3n, consulte el siguiente enlace:<\/p><p><a href=\"https:\/\/www.google.it\/policies\/privacy\/partners\/\">https:\/\/www.google.it\/policies\/privacy\/partners\/<\/a><\/p><p>El usuario puede desactivar selectivamente la acci\u00f3n de Google Analytics instalando en su navegador el componente de exclusi\u00f3n voluntaria proporcionado por Google. Para desactivar la acci\u00f3n de Google Analytics, consulte el siguiente enlace: <a href=\"https:\/\/tools.google.com\/dlpage\/gaoptout\">https:\/\/tools.google.com\/dlpage\/gaoptout<\/a><\/p><p><strong>Duraci\u00f3n de las cookies<\/strong><\/p><p>Algunas cookies (cookies de sesi\u00f3n) permanecen activas solo hasta que se cierra el navegador o se ejecuta el comando de cierre de sesi\u00f3n. Otras cookies &quot;sobreviven&quot; cuando se cierra el navegador y tambi\u00e9n est\u00e1n disponibles en visitas posteriores del usuario. Estas cookies se denominan persistentes y su duraci\u00f3n la establece el servidor en el momento de su creaci\u00f3n.<\/p><p>Navegando por las p\u00e1ginas de <a href=\"https:\/\/tethys.farm\/es\/\" target=\"_blank\" rel=\"noopener\">Sitio web de TETHYS<\/a>, puede interactuar con sitios administrados por terceros que pueden crear o modificar cookies persistentes y de creaci\u00f3n de perfiles.<\/p><p><strong>Gesti\u00f3n de cookies<\/strong><\/p><p>El usuario puede decidir si acepta o no las cookies mediante la configuraci\u00f3n de su navegador. La desactivaci\u00f3n total o parcial de las cookies t\u00e9cnicas no compromete el uso de la funcionalidad del sitio.<\/p><p>La configuraci\u00f3n se puede definir espec\u00edficamente para diferentes sitios web y aplicaciones web.<\/p><p>A continuaci\u00f3n se muestran los recursos web que ilustran c\u00f3mo proceder para cada uno de los navegadores principales:<br \/><strong>Cromo<\/strong>: <a href=\"https:\/\/support.google.com\/chrome\/answer\/95647?hl=it\">https:\/\/support.google.com\/chrome\/answer\/95647?hl=it<\/a><\/p><p><strong>Firefox<\/strong>: <a href=\"https:\/\/support.mozilla.org\/it\/kb\/Gestione%20dei%20cookie\">https:\/\/support.mozilla.org\/it\/kb\/Gestione%20dei%20cookie<\/a><\/p><p><strong>explorador de Internet<\/strong>: <a href=\"http:\/\/windows.microsoft.com\/it-it\/windows7\/how-to-manage-cookies-in-internet-explorer-9\">http:\/\/windows.microsoft.com\/it-it\/windows7\/how-to-manage-cookies-in-internet-explorer-9<\/a><\/p><p><strong>\u00d3pera<\/strong>: <a href=\"http:\/\/help.opera.com\/Windows\/10.00\/it\/cookies.html\">http:\/\/help.opera.com\/Windows\/10.00\/it\/cookies.html<\/a><\/p><p><strong>Safari<\/strong>: <a href=\"http:\/\/support.apple.com\/kb\/HT1677?viewlocale=it_IT\">http:\/\/support.apple.com\/kb\/HT1677?viewlocale=it_IT<\/a><\/p><p><strong>Actualizaci\u00f3n de la informaci\u00f3n.<\/strong><\/p><p>ASSESSMENT CENTER mantendr\u00e1 esta informaci\u00f3n constantemente actualizada. La indicaci\u00f3n al pie de la p\u00e1gina indica la fecha en la que se actualiz\u00f3 la informaci\u00f3n.<\/p><p>Roma, 06\/01\/2023<\/p>\t\t\t\t\t\t\t\t<\/div>\n\t\t\t\t<\/div>\n\t\t\t\t\t<\/div>\n\t\t<\/div>\n\t\t\t\t\t<\/div>\n\t\t<\/section>\n\t\t\t\t<\/div>","protected":false},"excerpt":{"rendered":"<p>Cookie Policy Informativa estesa sull\u2019uso dei cookie Il sito web di TETHYS, https:\/\/tethys.farm, \u00e8 di propriet\u00e0 di CENTRALE VALUTATIVA e utilizza cookie e tecnologie simili&#8230;<\/p>","protected":false},"author":2,"featured_media":0,"parent":0,"menu_order":0,"comment_status":"closed","ping_status":"closed","template":"","meta":{"_monsterinsights_skip_tracking":false,"_monsterinsights_sitenote_active":false,"_monsterinsights_sitenote_note":"","_monsterinsights_sitenote_category":0,"footnotes":""},"class_list":["post-3471","page","type-page","status-publish","hentry"],"yoast_head":"<!-- This site is optimized with the Yoast SEO plugin v25.4 - https:\/\/yoast.com\/wordpress\/plugins\/seo\/ -->\n<title>Cookie policy - TETHYS<\/title>\n<meta name=\"description\" content=\"Leggi la nostra Cookie Policy per conoscere i dettagli e prendere decisioni consapevoli sulla tua privacy online.\" \/>\n<meta name=\"robots\" content=\"noindex, nofollow\" \/>\n<meta property=\"og:locale\" content=\"es_ES\" \/>\n<meta property=\"og:type\" content=\"article\" \/>\n<meta property=\"og:title\" content=\"Cookie policy - TETHYS\" \/>\n<meta property=\"og:description\" content=\"Leggi la nostra Cookie Policy per conoscere i dettagli e prendere decisioni consapevoli sulla tua privacy online.\" \/>\n<meta property=\"og:url\" content=\"https:\/\/tethys.farm\/es\/politica-de-cookies-2\/\" \/>\n<meta property=\"og:site_name\" content=\"TETHYS\" \/>\n<meta property=\"article:publisher\" content=\"https:\/\/www.facebook.com\/people\/Tethys\/61551049833155\/\" \/>\n<meta property=\"article:modified_time\" content=\"2023-08-04T13:33:17+00:00\" \/>\n<meta name=\"twitter:card\" content=\"summary_large_image\" \/>\n<meta name=\"twitter:label1\" content=\"Tiempo de lectura\" \/>\n\t<meta name=\"twitter:data1\" content=\"5 minutos\" \/>\n<script type=\"application\/ld+json\" class=\"yoast-schema-graph\">{\"@context\":\"https:\/\/schema.org\",\"@graph\":[{\"@type\":\"WebPage\",\"@id\":\"https:\/\/tethys.farm\/cookie-policy\/\",\"url\":\"https:\/\/tethys.farm\/cookie-policy\/\",\"name\":\"Cookie policy - TETHYS\",\"isPartOf\":{\"@id\":\"https:\/\/tethys.farm\/#website\"},\"datePublished\":\"2023-06-14T16:59:19+00:00\",\"dateModified\":\"2023-08-04T13:33:17+00:00\",\"description\":\"Leggi la nostra Cookie Policy per conoscere i dettagli e prendere decisioni consapevoli sulla tua privacy online.\",\"breadcrumb\":{\"@id\":\"https:\/\/tethys.farm\/cookie-policy\/#breadcrumb\"},\"inLanguage\":\"es\",\"potentialAction\":[{\"@type\":\"ReadAction\",\"target\":[\"https:\/\/tethys.farm\/cookie-policy\/\"]}]},{\"@type\":\"BreadcrumbList\",\"@id\":\"https:\/\/tethys.farm\/cookie-policy\/#breadcrumb\",\"itemListElement\":[{\"@type\":\"ListItem\",\"position\":1,\"name\":\"Home\",\"item\":\"https:\/\/tethys.farm\/\"},{\"@type\":\"ListItem\",\"position\":2,\"name\":\"Cookie policy\"}]},{\"@type\":\"WebSite\",\"@id\":\"https:\/\/tethys.farm\/#website\",\"url\":\"https:\/\/tethys.farm\/\",\"name\":\"TETHYS - Agricoltura di precisione\",\"description\":\"L&#039;agricoltura di precisione per tutti\",\"publisher\":{\"@id\":\"https:\/\/tethys.farm\/#organization\"},\"alternateName\":\"TETHYS\",\"potentialAction\":[{\"@type\":\"SearchAction\",\"target\":{\"@type\":\"EntryPoint\",\"urlTemplate\":\"https:\/\/tethys.farm\/?s={search_term_string}\"},\"query-input\":{\"@type\":\"PropertyValueSpecification\",\"valueRequired\":true,\"valueName\":\"search_term_string\"}}],\"inLanguage\":\"es\"},{\"@type\":\"Organization\",\"@id\":\"https:\/\/tethys.farm\/#organization\",\"name\":\"TETHYS - Agricoltura di precisione\",\"alternateName\":\"TETHYS - Agricoltura di precisione\",\"url\":\"https:\/\/tethys.farm\/\",\"logo\":{\"@type\":\"ImageObject\",\"inLanguage\":\"es\",\"@id\":\"https:\/\/tethys.farm\/#\/schema\/logo\/image\/\",\"url\":\"https:\/\/tethys.farm\/wp-content\/uploads\/2023\/07\/android-chrome-256x256-1.png\",\"contentUrl\":\"https:\/\/tethys.farm\/wp-content\/uploads\/2023\/07\/android-chrome-256x256-1.png\",\"width\":256,\"height\":256,\"caption\":\"TETHYS - Agricoltura di precisione\"},\"image\":{\"@id\":\"https:\/\/tethys.farm\/#\/schema\/logo\/image\/\"},\"sameAs\":[\"https:\/\/www.facebook.com\/people\/Tethys\/61551049833155\/\",\"https:\/\/www.linkedin.com\/showcase\/tethys-app\/\"]}]}<\/script>\n<!-- \/ Yoast SEO plugin. -->","yoast_head_json":{"title":"Cookie policy - TETHYS","description":"Leggi la nostra Cookie Policy per conoscere i dettagli e prendere decisioni consapevoli sulla tua privacy online.","robots":{"index":"noindex","follow":"nofollow"},"og_locale":"es_ES","og_type":"article","og_title":"Cookie policy - TETHYS","og_description":"Leggi la nostra Cookie Policy per conoscere i dettagli e prendere decisioni consapevoli sulla tua privacy online.","og_url":"https:\/\/tethys.farm\/es\/politica-de-cookies-2\/","og_site_name":"TETHYS","article_publisher":"https:\/\/www.facebook.com\/people\/Tethys\/61551049833155\/","article_modified_time":"2023-08-04T13:33:17+00:00","twitter_card":"summary_large_image","twitter_misc":{"Tiempo de lectura":"5 minutos"},"schema":{"@context":"https:\/\/schema.org","@graph":[{"@type":"WebPage","@id":"https:\/\/tethys.farm\/cookie-policy\/","url":"https:\/\/tethys.farm\/cookie-policy\/","name":"Cookie policy - TETHYS","isPartOf":{"@id":"https:\/\/tethys.farm\/#website"},"datePublished":"2023-06-14T16:59:19+00:00","dateModified":"2023-08-04T13:33:17+00:00","description":"Leggi la nostra Cookie Policy per conoscere i dettagli e prendere decisioni consapevoli sulla tua privacy online.","breadcrumb":{"@id":"https:\/\/tethys.farm\/cookie-policy\/#breadcrumb"},"inLanguage":"es","potentialAction":[{"@type":"ReadAction","target":["https:\/\/tethys.farm\/cookie-policy\/"]}]},{"@type":"BreadcrumbList","@id":"https:\/\/tethys.farm\/cookie-policy\/#breadcrumb","itemListElement":[{"@type":"ListItem","position":1,"name":"Home","item":"https:\/\/tethys.farm\/"},{"@type":"ListItem","position":2,"name":"Cookie policy"}]},{"@type":"WebSite","@id":"https:\/\/tethys.farm\/#website","url":"https:\/\/tethys.farm\/","name":"TETHYS - Agricoltura di precisione","description":"L&#039;agricoltura di precisione per tutti","publisher":{"@id":"https:\/\/tethys.farm\/#organization"},"alternateName":"TETHYS","potentialAction":[{"@type":"SearchAction","target":{"@type":"EntryPoint","urlTemplate":"https:\/\/tethys.farm\/?s={search_term_string}"},"query-input":{"@type":"PropertyValueSpecification","valueRequired":true,"valueName":"search_term_string"}}],"inLanguage":"es"},{"@type":"Organization","@id":"https:\/\/tethys.farm\/#organization","name":"TETHYS - Agricoltura di precisione","alternateName":"TETHYS - Agricoltura di precisione","url":"https:\/\/tethys.farm\/","logo":{"@type":"ImageObject","inLanguage":"es","@id":"https:\/\/tethys.farm\/#\/schema\/logo\/image\/","url":"https:\/\/tethys.farm\/wp-content\/uploads\/2023\/07\/android-chrome-256x256-1.png","contentUrl":"https:\/\/tethys.farm\/wp-content\/uploads\/2023\/07\/android-chrome-256x256-1.png","width":256,"height":256,"caption":"TETHYS - Agricoltura di precisione"},"image":{"@id":"https:\/\/tethys.farm\/#\/schema\/logo\/image\/"},"sameAs":["https:\/\/www.facebook.com\/people\/Tethys\/61551049833155\/","https:\/\/www.linkedin.com\/showcase\/tethys-app\/"]}]}},"_links":{"self":[{"href":"https:\/\/tethys.farm\/es\/wp-json\/wp\/v2\/pages\/3471","targetHints":{"allow":["GET"]}}],"collection":[{"href":"https:\/\/tethys.farm\/es\/wp-json\/wp\/v2\/pages"}],"about":[{"href":"https:\/\/tethys.farm\/es\/wp-json\/wp\/v2\/types\/page"}],"author":[{"embeddable":true,"href":"https:\/\/tethys.farm\/es\/wp-json\/wp\/v2\/users\/2"}],"replies":[{"embeddable":true,"href":"https:\/\/tethys.farm\/es\/wp-json\/wp\/v2\/comments?post=3471"}],"version-history":[{"count":17,"href":"https:\/\/tethys.farm\/es\/wp-json\/wp\/v2\/pages\/3471\/revisions"}],"predecessor-version":[{"id":6226,"href":"https:\/\/tethys.farm\/es\/wp-json\/wp\/v2\/pages\/3471\/revisions\/6226"}],"wp:attachment":[{"href":"https:\/\/tethys.farm\/es\/wp-json\/wp\/v2\/media?parent=3471"}],"curies":[{"name":"wp","href":"https:\/\/api.w.org\/{rel}","templated":true}]}}